{"id":424,"date":"2018-10-23T12:32:39","date_gmt":"2018-10-23T10:32:39","guid":{"rendered":"https:\/\/www.malquati.com\/reinventa\/?page_id=424"},"modified":"2019-02-05T16:38:19","modified_gmt":"2019-02-05T15:38:19","slug":"segnalaci-un-immobile-dismesso-possiamo-recuperarlo-insieme","status":"publish","type":"page","link":"https:\/\/www.malquati.com\/reinventa\/organizzazione-della-domanda\/segnalaci-un-immobile-dismesso-possiamo-recuperarlo-insieme\/","title":{"rendered":"Segnalaci un immobile dismesso."},"content":{"rendered":"<h4><strong>Possiamo recuperarlo insieme.<\/strong><!--more--><\/h4>\n<p style=\"text-align: left;\">Mentre sei in giro per la tua citt\u00e0 noti un angolo fatiscente, un immobile dismesso, un terreno degradato ?<\/p>\n<p style=\"text-align: left;\">Mandaci un whatsapp con la foto, la citt\u00e0, la via ed il numero civico.<\/p>\n<p style=\"text-align: left;\">Ti contatteremo per cercare di avviare assieme il percorso di rigenerazione urbana. Cos\u00ec da poter contribuire la restituzione di pezzi di citt\u00e0 riqualificati alla collettivit\u00e0.<\/p>\n<p style=\"text-align: center;\"><div class=\"container col-12 row m-0 p-0\"><br \/>\n<div class=\"col-sm-6 offset-sm-3 p-0\"><a class=\"btn btn-danger btn-cta\" href=\"https:\/\/api.whatsapp.com\/send?phone=+393518906907&amp;text=ti segnalo questo immobile\" target=\"_blank\"> Segnalaci l&#8217;immobile via WhatsApp <i class=\"fab fa-whatsapp\" style=\"margin-left: 5px; font-size: 20px;\" aria-hidden=\"true\"><\/i><\/a><\/div><br \/>\n<\/div><\/p>\n<p>&nbsp;<\/p>\n<h3 style=\"text-align: center;\">Oppure segnalaci un immobile compilando il form<\/h3>\n<div class=\"container col-12 row m-0 p-0\"><br \/>\n<div class=\"col-sm-10 offset-sm-1\"><br \/>\n\n<div class=\"wpcf7 no-js\" id=\"wpcf7-f444-o1\" lang=\"it-IT\" dir=\"ltr\">\n<div class=\"screen-reader-response\"><p role=\"status\" aria-live=\"polite\" aria-atomic=\"true\"><\/p> <ul><\/ul><\/div>\n<form action=\"\/reinventa\/wp-json\/wp\/v2\/pages\/424#wpcf7-f444-o1\" method=\"post\" class=\"wpcf7-form init\" aria-label=\"Modulo di contatto\" enctype=\"multipart\/form-data\" novalidate=\"novalidate\" data-status=\"init\">\n<div style=\"display: none;\">\n<input type=\"hidden\" name=\"_wpcf7\" value=\"444\" \/>\n<input type=\"hidden\" name=\"_wpcf7_version\" value=\"5.7.7\" \/>\n<input type=\"hidden\" name=\"_wpcf7_locale\" value=\"it_IT\" \/>\n<input type=\"hidden\" name=\"_wpcf7_unit_tag\" value=\"wpcf7-f444-o1\" \/>\n<input type=\"hidden\" name=\"_wpcf7_container_post\" value=\"0\" \/>\n<input type=\"hidden\" name=\"_wpcf7_posted_data_hash\" value=\"\" \/>\n<input type=\"hidden\" name=\"_wpcf7_recaptcha_response\" value=\"\" \/>\n<\/div>\n<div class=\"form-page\">\n\t<div class=\"form-row\">\n\t\t<div class=\"form-group col-md-6\">\n\t\t\t<p><span class=\"wpcf7-form-control-wrap\" data-name=\"your-name\"><input size=\"40\" class=\"wpcf7-form-control wpcf7-text wpcf7-validates-as-required form-control\" aria-required=\"true\" aria-invalid=\"false\" placeholder=\"Nome*\" value=\"\" type=\"text\" name=\"your-name\" \/><\/span>\n\t\t\t<\/p>\n\t\t<\/div>\n\t\t<div class=\"form-group col-md-6\">\n\t\t\t<p><span class=\"wpcf7-form-control-wrap\" data-name=\"your-surname\"><input size=\"40\" class=\"wpcf7-form-control wpcf7-text wpcf7-validates-as-required form-control\" aria-required=\"true\" aria-invalid=\"false\" placeholder=\"Cognome*\" value=\"\" type=\"text\" name=\"your-surname\" \/><\/span>\n\t\t\t<\/p>\n\t\t<\/div>\n\t<\/div>\n\t<div class=\"form-row\">\n\t\t<div class=\"form-group col-md-6\">\n\t\t\t<p><span class=\"wpcf7-form-control-wrap\" data-name=\"your-email\"><input size=\"40\" class=\"wpcf7-form-control wpcf7-text wpcf7-validates-as-required form-control\" aria-required=\"true\" aria-invalid=\"false\" placeholder=\"Email*\" value=\"\" type=\"text\" name=\"your-email\" \/><\/span>\n\t\t\t<\/p>\n\t\t<\/div>\n\t\t<div class=\"form-group col-md-6\">\n\t\t\t<p><span class=\"wpcf7-form-control-wrap\" data-name=\"your-telephone\"><input size=\"40\" class=\"wpcf7-form-control wpcf7-text form-control\" aria-invalid=\"false\" placeholder=\"Telefono\" value=\"\" type=\"text\" name=\"your-telephone\" \/><\/span>\n\t\t\t<\/p>\n\t\t<\/div>\n\t<\/div>\n\t<div class=\"form-row\">\n\t\t<div class=\"form-group col-md-6\">\n\t\t\t<p><span class=\"wpcf7-form-control-wrap\" data-name=\"address\"><input size=\"40\" class=\"wpcf7-form-control wpcf7-text wpcf7-validates-as-required form-control\" aria-required=\"true\" aria-invalid=\"false\" placeholder=\"Indirizzo Immobile*\" value=\"\" type=\"text\" name=\"address\" \/><\/span>\n\t\t\t<\/p>\n\t\t<\/div>\n\t\t<div class=\"form-group col-md-6\">\n\t\t\t<p><span class=\"wpcf7-form-control-wrap\" data-name=\"city\"><input size=\"40\" class=\"wpcf7-form-control wpcf7-text wpcf7-validates-as-required form-control\" aria-required=\"true\" aria-invalid=\"false\" placeholder=\"Citt\u00e0 Immobile*\" value=\"\" type=\"text\" name=\"city\" \/><\/span>\n\t\t\t<\/p>\n\t\t<\/div>\n\t<\/div>\n\t<div class=\"form-row\">\n\t\t<div class=\"form-group col-md-12\">\n\t\t\t<p><span class=\"wpcf7-form-control-wrap\" data-name=\"your-message\"><textarea cols=\"40\" rows=\"10\" class=\"wpcf7-form-control wpcf7-textarea form-control\" aria-invalid=\"false\" placeholder=\"Messaggio\" name=\"your-message\"><\/textarea><\/span>\n\t\t\t<\/p>\n\t\t<\/div>\n\t<\/div>\n\t<div class=\"form-row\">\n\t\t<div class=\"form-group col-md-4\">\n\t\t\t<div class=\"label-form\">\n\t\t\t\t<p>Foto Immobile 1 (max 512kb)\n\t\t\t\t<\/p>\n\t\t\t<\/div>\n\t\t\t<p><span class=\"wpcf7-form-control-wrap\" data-name=\"foto-immobile-1\"><input size=\"40\" class=\"wpcf7-form-control wpcf7-file\" accept=\".jpg,.png,.gif\" aria-invalid=\"false\" type=\"file\" name=\"foto-immobile-1\" \/><\/span>\n\t\t\t<\/p>\n\t\t<\/div>\n\t\t<div class=\"form-group col-md-4\">\n\t\t\t<div class=\"label-form\">\n\t\t\t\t<p>Foto Immobile 2 (max 512kb)\n\t\t\t\t<\/p>\n\t\t\t<\/div>\n\t\t\t<p><span class=\"wpcf7-form-control-wrap\" data-name=\"foto-immobile-2\"><input size=\"40\" class=\"wpcf7-form-control wpcf7-file\" accept=\".jpg,.png,.gif\" aria-invalid=\"false\" type=\"file\" name=\"foto-immobile-2\" \/><\/span>\n\t\t\t<\/p>\n\t\t<\/div>\n\t\t<div class=\"form-group col-md-4\">\n\t\t\t<div class=\"label-form\">\n\t\t\t\t<p>Foto Immobile 3 (max 512kb)\n\t\t\t\t<\/p>\n\t\t\t<\/div>\n\t\t\t<p><span class=\"wpcf7-form-control-wrap\" data-name=\"foto-immobile-3\"><input size=\"40\" class=\"wpcf7-form-control wpcf7-file\" accept=\".jpg,.png,.gif\" aria-invalid=\"false\" type=\"file\" name=\"foto-immobile-3\" \/><\/span>\n\t\t\t<\/p>\n\t\t<\/div>\n\t<\/div>\n\t<div class=\"form-row\">\n\t\t<div class=\"form-group col-md-12\">\n\t\t\t<p><span class=\"wpcf7-form-control-wrap\" data-name=\"Privacy-Accept\"><span class=\"wpcf7-form-control wpcf7-acceptance\"><span class=\"wpcf7-list-item\"><label><input type=\"checkbox\" name=\"Privacy-Accept\" value=\"1\" class=\"privacy-form\" aria-invalid=\"false\" \/><span class=\"wpcf7-list-item-label\">Acconsento al trattamento dei dati secondo la normativa sulla privacy - art.13 del reg. UE 2016\/679.<\/span><\/label><\/span><\/span><\/span>\n\t\t\t<\/p>\n\t\t<\/div>\n\t<\/div>\n\t<div class=\"form-row\">\n\t\t<div class=\"form-group col-md-12 text-right\">\n\t\t\t<p><input class=\"wpcf7-form-control has-spinner wpcf7-submit btn btn-info btn-lg\" type=\"submit\" value=\"SEGNALA L&#039;IMMOBILE\" \/>\n\t\t\t<\/p>\n\t\t<\/div>\n\t<\/div>\n<\/div><div class=\"wpcf7-response-output\" aria-hidden=\"true\"><\/div>\n<\/form>\n<\/div>\n<br \/>\n<\/div><br \/>\n<\/div>\n","protected":false},"excerpt":{"rendered":"<p>Possiamo recuperarlo insieme.<\/p>\n","protected":false},"author":1,"featured_media":0,"parent":133,"menu_order":0,"comment_status":"closed","ping_status":"closed","template":"","meta":[],"yoast_head":"<!-- This site is optimized with the Yoast SEO plugin v20.11 - https:\/\/yoast.com\/wordpress\/plugins\/seo\/ -->\n<title>Segnalaci un immobile dismesso. - Reinventa<\/title>\n<meta name=\"robots\" content=\"index, follow, max-snippet:-1, max-image-preview:large, max-video-preview:-1\" \/>\n<link rel=\"canonical\" href=\"https:\/\/www.malquati.com\/reinventa\/organizzazione-della-domanda\/segnalaci-un-immobile-dismesso-possiamo-recuperarlo-insieme\/\" \/>\n<meta property=\"og:locale\" content=\"it_IT\" \/>\n<meta property=\"og:type\" content=\"article\" \/>\n<meta property=\"og:title\" content=\"Segnalaci un immobile dismesso. - Reinventa\" \/>\n<meta property=\"og:description\" content=\"Possiamo recuperarlo insieme.\" \/>\n<meta property=\"og:url\" content=\"https:\/\/www.malquati.com\/reinventa\/organizzazione-della-domanda\/segnalaci-un-immobile-dismesso-possiamo-recuperarlo-insieme\/\" \/>\n<meta property=\"og:site_name\" content=\"Reinventa\" \/>\n<meta property=\"article:modified_time\" content=\"2019-02-05T15:38:19+00:00\" \/>\n<meta name=\"twitter:card\" content=\"summary_large_image\" \/>\n<meta name=\"twitter:label1\" content=\"Tempo di lettura stimato\" \/>\n\t<meta name=\"twitter:data1\" content=\"1 minuto\" \/>\n<script type=\"application\/ld+json\" class=\"yoast-schema-graph\">{\"@context\":\"https:\/\/schema.org\",\"@graph\":[{\"@type\":\"WebPage\",\"@id\":\"https:\/\/www.malquati.com\/reinventa\/organizzazione-della-domanda\/segnalaci-un-immobile-dismesso-possiamo-recuperarlo-insieme\/\",\"url\":\"https:\/\/www.malquati.com\/reinventa\/organizzazione-della-domanda\/segnalaci-un-immobile-dismesso-possiamo-recuperarlo-insieme\/\",\"name\":\"Segnalaci un immobile dismesso. - Reinventa\",\"isPartOf\":{\"@id\":\"https:\/\/www.malquati.com\/reinventa\/#website\"},\"datePublished\":\"2018-10-23T10:32:39+00:00\",\"dateModified\":\"2019-02-05T15:38:19+00:00\",\"breadcrumb\":{\"@id\":\"https:\/\/www.malquati.com\/reinventa\/organizzazione-della-domanda\/segnalaci-un-immobile-dismesso-possiamo-recuperarlo-insieme\/#breadcrumb\"},\"inLanguage\":\"it-IT\",\"potentialAction\":[{\"@type\":\"ReadAction\",\"target\":[\"https:\/\/www.malquati.com\/reinventa\/organizzazione-della-domanda\/segnalaci-un-immobile-dismesso-possiamo-recuperarlo-insieme\/\"]}]},{\"@type\":\"BreadcrumbList\",\"@id\":\"https:\/\/www.malquati.com\/reinventa\/organizzazione-della-domanda\/segnalaci-un-immobile-dismesso-possiamo-recuperarlo-insieme\/#breadcrumb\",\"itemListElement\":[{\"@type\":\"ListItem\",\"position\":1,\"name\":\"Home\",\"item\":\"https:\/\/www.malquati.com\/reinventa\/\"},{\"@type\":\"ListItem\",\"position\":2,\"name\":\"Organizzazione della domanda\",\"item\":\"https:\/\/www.malquati.com\/reinventa\/organizzazione-della-domanda\/\"},{\"@type\":\"ListItem\",\"position\":3,\"name\":\"Segnalaci un immobile dismesso.\"}]},{\"@type\":\"WebSite\",\"@id\":\"https:\/\/www.malquati.com\/reinventa\/#website\",\"url\":\"https:\/\/www.malquati.com\/reinventa\/\",\"name\":\"Reinventa\",\"description\":\"Reinventare il territorio per migliorare le citt\u00e0\",\"potentialAction\":[{\"@type\":\"SearchAction\",\"target\":{\"@type\":\"EntryPoint\",\"urlTemplate\":\"https:\/\/www.malquati.com\/reinventa\/?s={search_term_string}\"},\"query-input\":\"required name=search_term_string\"}],\"inLanguage\":\"it-IT\"}]}<\/script>\n<!-- \/ Yoast SEO plugin. -->","yoast_head_json":{"title":"Segnalaci un immobile dismesso. - Reinventa","robots":{"index":"index","follow":"follow","max-snippet":"max-snippet:-1","max-image-preview":"max-image-preview:large","max-video-preview":"max-video-preview:-1"},"canonical":"https:\/\/www.malquati.com\/reinventa\/organizzazione-della-domanda\/segnalaci-un-immobile-dismesso-possiamo-recuperarlo-insieme\/","og_locale":"it_IT","og_type":"article","og_title":"Segnalaci un immobile dismesso. - Reinventa","og_description":"Possiamo recuperarlo insieme.","og_url":"https:\/\/www.malquati.com\/reinventa\/organizzazione-della-domanda\/segnalaci-un-immobile-dismesso-possiamo-recuperarlo-insieme\/","og_site_name":"Reinventa","article_modified_time":"2019-02-05T15:38:19+00:00","twitter_card":"summary_large_image","twitter_misc":{"Tempo di lettura stimato":"1 minuto"},"schema":{"@context":"https:\/\/schema.org","@graph":[{"@type":"WebPage","@id":"https:\/\/www.malquati.com\/reinventa\/organizzazione-della-domanda\/segnalaci-un-immobile-dismesso-possiamo-recuperarlo-insieme\/","url":"https:\/\/www.malquati.com\/reinventa\/organizzazione-della-domanda\/segnalaci-un-immobile-dismesso-possiamo-recuperarlo-insieme\/","name":"Segnalaci un immobile dismesso. - Reinventa","isPartOf":{"@id":"https:\/\/www.malquati.com\/reinventa\/#website"},"datePublished":"2018-10-23T10:32:39+00:00","dateModified":"2019-02-05T15:38:19+00:00","breadcrumb":{"@id":"https:\/\/www.malquati.com\/reinventa\/organizzazione-della-domanda\/segnalaci-un-immobile-dismesso-possiamo-recuperarlo-insieme\/#breadcrumb"},"inLanguage":"it-IT","potentialAction":[{"@type":"ReadAction","target":["https:\/\/www.malquati.com\/reinventa\/organizzazione-della-domanda\/segnalaci-un-immobile-dismesso-possiamo-recuperarlo-insieme\/"]}]},{"@type":"BreadcrumbList","@id":"https:\/\/www.malquati.com\/reinventa\/organizzazione-della-domanda\/segnalaci-un-immobile-dismesso-possiamo-recuperarlo-insieme\/#breadcrumb","itemListElement":[{"@type":"ListItem","position":1,"name":"Home","item":"https:\/\/www.malquati.com\/reinventa\/"},{"@type":"ListItem","position":2,"name":"Organizzazione della domanda","item":"https:\/\/www.malquati.com\/reinventa\/organizzazione-della-domanda\/"},{"@type":"ListItem","position":3,"name":"Segnalaci un immobile dismesso."}]},{"@type":"WebSite","@id":"https:\/\/www.malquati.com\/reinventa\/#website","url":"https:\/\/www.malquati.com\/reinventa\/","name":"Reinventa","description":"Reinventare il territorio per migliorare le citt\u00e0","potentialAction":[{"@type":"SearchAction","target":{"@type":"EntryPoint","urlTemplate":"https:\/\/www.malquati.com\/reinventa\/?s={search_term_string}"},"query-input":"required name=search_term_string"}],"inLanguage":"it-IT"}]}},"_links":{"self":[{"href":"https:\/\/www.malquati.com\/reinventa\/wp-json\/wp\/v2\/pages\/424"}],"collection":[{"href":"https:\/\/www.malquati.com\/reinventa\/wp-json\/wp\/v2\/pages"}],"about":[{"href":"https:\/\/www.malquati.com\/reinventa\/wp-json\/wp\/v2\/types\/page"}],"author":[{"embeddable":true,"href":"https:\/\/www.malquati.com\/reinventa\/wp-json\/wp\/v2\/users\/1"}],"replies":[{"embeddable":true,"href":"https:\/\/www.malquati.com\/reinventa\/wp-json\/wp\/v2\/comments?post=424"}],"version-history":[{"count":39,"href":"https:\/\/www.malquati.com\/reinventa\/wp-json\/wp\/v2\/pages\/424\/revisions"}],"predecessor-version":[{"id":986,"href":"https:\/\/www.malquati.com\/reinventa\/wp-json\/wp\/v2\/pages\/424\/revisions\/986"}],"up":[{"embeddable":true,"href":"https:\/\/www.malquati.com\/reinventa\/wp-json\/wp\/v2\/pages\/133"}],"wp:attachment":[{"href":"https:\/\/www.malquati.com\/reinventa\/wp-json\/wp\/v2\/media?parent=424"}],"curies":[{"name":"wp","href":"https:\/\/api.w.org\/{rel}","templated":true}]}}