{"id":412,"date":"2018-10-23T12:30:38","date_gmt":"2018-10-23T10:30:38","guid":{"rendered":"https:\/\/www.malquati.com\/reinventa\/?page_id=412"},"modified":"2019-01-27T15:57:54","modified_gmt":"2019-01-27T14:57:54","slug":"valore","status":"publish","type":"page","link":"https:\/\/www.malquati.com\/reinventa\/investitori-operatori\/valore\/","title":{"rendered":"Valore"},"content":{"rendered":"<h4><strong>Alla ricerca della soluzione ad hoc.<\/strong><!--more--><\/h4>\n<p>Riusciamo a sondare il mercato ed a guardare le opportunit\u00e0 con gli occhi di chi investe.<br \/>\nPer chi ad esempio vuole realizzare una <strong>torre residenziale<\/strong> sopra una fermata della metropolitana.<br \/>\nOppure per chi \u00e8 alla ricerca ad esempio di un <strong>cielo-terra<\/strong> con rendimento annuo del 7%.<br \/>\nOd ancora per chi sta scegliendo la posizione di un <strong>nuovo supermercato<\/strong> nelle vicinanze di aree urbane da riqualificare.<\/p>\n<p>Alcuni casi di intervento tipico sono:<br \/>\n<strong>\u2013 <\/strong>ricerche ad hoc per operatori del settore immobiliare residenziale (societ\u00e0 immobiliari, imprese di costruzione, cooperative edilizie) che vogliono realizzare delle nuove iniziative partendo dal terreno (greenfield) o da un compendio dismesso (brownfield).<br \/>\n\u2013 ricerche ad hoc per societ\u00e0 che vogliono cambiare la propria sede e cercano un building indipendente (anche in questo caso si spazi da terreni da sviluppare a immobili da riqualificare)<br \/>\n\u2013 ricerche ad hoc per chi vuole realizzare nuovi centri commerciali (medie strutture di vendita o centri commerciali)<\/p>\n<p><strong>in tutti questi casi le nostre aree di azione sono Milano citt\u00e0, esteso anche a tutto il territorio della citt\u00f9 metropolitana, Novara citt\u00e0, tutta la provincia di Novara e la direttrice Milano &#8211; MXP &#8211; Lago Maggiore. <\/strong><\/p>\n","protected":false},"excerpt":{"rendered":"<p>Alla ricerca della soluzione ad hoc.<\/p>\n","protected":false},"author":1,"featured_media":0,"parent":131,"menu_order":0,"comment_status":"closed","ping_status":"closed","template":"","meta":[],"yoast_head":"<!-- This site is optimized with the Yoast SEO plugin v20.11 - https:\/\/yoast.com\/wordpress\/plugins\/seo\/ -->\n<title>Valore - Reinventa<\/title>\n<meta name=\"robots\" content=\"index, follow, max-snippet:-1, max-image-preview:large, max-video-preview:-1\" \/>\n<link rel=\"canonical\" href=\"https:\/\/www.malquati.com\/reinventa\/investitori-operatori\/valore\/\" \/>\n<meta property=\"og:locale\" content=\"it_IT\" \/>\n<meta property=\"og:type\" content=\"article\" \/>\n<meta property=\"og:title\" content=\"Valore - Reinventa\" \/>\n<meta property=\"og:description\" content=\"Alla ricerca della soluzione ad hoc.\" \/>\n<meta property=\"og:url\" content=\"https:\/\/www.malquati.com\/reinventa\/investitori-operatori\/valore\/\" \/>\n<meta property=\"og:site_name\" content=\"Reinventa\" \/>\n<meta property=\"article:modified_time\" content=\"2019-01-27T14:57:54+00:00\" \/>\n<meta name=\"twitter:card\" content=\"summary_large_image\" \/>\n<meta name=\"twitter:label1\" content=\"Tempo di lettura stimato\" \/>\n\t<meta name=\"twitter:data1\" content=\"1 minuto\" \/>\n<script type=\"application\/ld+json\" class=\"yoast-schema-graph\">{\"@context\":\"https:\/\/schema.org\",\"@graph\":[{\"@type\":\"WebPage\",\"@id\":\"https:\/\/www.malquati.com\/reinventa\/investitori-operatori\/valore\/\",\"url\":\"https:\/\/www.malquati.com\/reinventa\/investitori-operatori\/valore\/\",\"name\":\"Valore - Reinventa\",\"isPartOf\":{\"@id\":\"https:\/\/www.malquati.com\/reinventa\/#website\"},\"datePublished\":\"2018-10-23T10:30:38+00:00\",\"dateModified\":\"2019-01-27T14:57:54+00:00\",\"breadcrumb\":{\"@id\":\"https:\/\/www.malquati.com\/reinventa\/investitori-operatori\/valore\/#breadcrumb\"},\"inLanguage\":\"it-IT\",\"potentialAction\":[{\"@type\":\"ReadAction\",\"target\":[\"https:\/\/www.malquati.com\/reinventa\/investitori-operatori\/valore\/\"]}]},{\"@type\":\"BreadcrumbList\",\"@id\":\"https:\/\/www.malquati.com\/reinventa\/investitori-operatori\/valore\/#breadcrumb\",\"itemListElement\":[{\"@type\":\"ListItem\",\"position\":1,\"name\":\"Home\",\"item\":\"https:\/\/www.malquati.com\/reinventa\/\"},{\"@type\":\"ListItem\",\"position\":2,\"name\":\"Investitori \/ Operatori\",\"item\":\"https:\/\/www.malquati.com\/reinventa\/investitori-operatori\/\"},{\"@type\":\"ListItem\",\"position\":3,\"name\":\"Valore\"}]},{\"@type\":\"WebSite\",\"@id\":\"https:\/\/www.malquati.com\/reinventa\/#website\",\"url\":\"https:\/\/www.malquati.com\/reinventa\/\",\"name\":\"Reinventa\",\"description\":\"Reinventare il territorio per migliorare le citt\u00e0\",\"potentialAction\":[{\"@type\":\"SearchAction\",\"target\":{\"@type\":\"EntryPoint\",\"urlTemplate\":\"https:\/\/www.malquati.com\/reinventa\/?s={search_term_string}\"},\"query-input\":\"required name=search_term_string\"}],\"inLanguage\":\"it-IT\"}]}<\/script>\n<!-- \/ Yoast SEO plugin. -->","yoast_head_json":{"title":"Valore - Reinventa","robots":{"index":"index","follow":"follow","max-snippet":"max-snippet:-1","max-image-preview":"max-image-preview:large","max-video-preview":"max-video-preview:-1"},"canonical":"https:\/\/www.malquati.com\/reinventa\/investitori-operatori\/valore\/","og_locale":"it_IT","og_type":"article","og_title":"Valore - Reinventa","og_description":"Alla ricerca della soluzione ad hoc.","og_url":"https:\/\/www.malquati.com\/reinventa\/investitori-operatori\/valore\/","og_site_name":"Reinventa","article_modified_time":"2019-01-27T14:57:54+00:00","twitter_card":"summary_large_image","twitter_misc":{"Tempo di lettura stimato":"1 minuto"},"schema":{"@context":"https:\/\/schema.org","@graph":[{"@type":"WebPage","@id":"https:\/\/www.malquati.com\/reinventa\/investitori-operatori\/valore\/","url":"https:\/\/www.malquati.com\/reinventa\/investitori-operatori\/valore\/","name":"Valore - Reinventa","isPartOf":{"@id":"https:\/\/www.malquati.com\/reinventa\/#website"},"datePublished":"2018-10-23T10:30:38+00:00","dateModified":"2019-01-27T14:57:54+00:00","breadcrumb":{"@id":"https:\/\/www.malquati.com\/reinventa\/investitori-operatori\/valore\/#breadcrumb"},"inLanguage":"it-IT","potentialAction":[{"@type":"ReadAction","target":["https:\/\/www.malquati.com\/reinventa\/investitori-operatori\/valore\/"]}]},{"@type":"BreadcrumbList","@id":"https:\/\/www.malquati.com\/reinventa\/investitori-operatori\/valore\/#breadcrumb","itemListElement":[{"@type":"ListItem","position":1,"name":"Home","item":"https:\/\/www.malquati.com\/reinventa\/"},{"@type":"ListItem","position":2,"name":"Investitori \/ Operatori","item":"https:\/\/www.malquati.com\/reinventa\/investitori-operatori\/"},{"@type":"ListItem","position":3,"name":"Valore"}]},{"@type":"WebSite","@id":"https:\/\/www.malquati.com\/reinventa\/#website","url":"https:\/\/www.malquati.com\/reinventa\/","name":"Reinventa","description":"Reinventare il territorio per migliorare le citt\u00e0","potentialAction":[{"@type":"SearchAction","target":{"@type":"EntryPoint","urlTemplate":"https:\/\/www.malquati.com\/reinventa\/?s={search_term_string}"},"query-input":"required name=search_term_string"}],"inLanguage":"it-IT"}]}},"_links":{"self":[{"href":"https:\/\/www.malquati.com\/reinventa\/wp-json\/wp\/v2\/pages\/412"}],"collection":[{"href":"https:\/\/www.malquati.com\/reinventa\/wp-json\/wp\/v2\/pages"}],"about":[{"href":"https:\/\/www.malquati.com\/reinventa\/wp-json\/wp\/v2\/types\/page"}],"author":[{"embeddable":true,"href":"https:\/\/www.malquati.com\/reinventa\/wp-json\/wp\/v2\/users\/1"}],"replies":[{"embeddable":true,"href":"https:\/\/www.malquati.com\/reinventa\/wp-json\/wp\/v2\/comments?post=412"}],"version-history":[{"count":5,"href":"https:\/\/www.malquati.com\/reinventa\/wp-json\/wp\/v2\/pages\/412\/revisions"}],"predecessor-version":[{"id":923,"href":"https:\/\/www.malquati.com\/reinventa\/wp-json\/wp\/v2\/pages\/412\/revisions\/923"}],"up":[{"embeddable":true,"href":"https:\/\/www.malquati.com\/reinventa\/wp-json\/wp\/v2\/pages\/131"}],"wp:attachment":[{"href":"https:\/\/www.malquati.com\/reinventa\/wp-json\/wp\/v2\/media?parent=412"}],"curies":[{"name":"wp","href":"https:\/\/api.w.org\/{rel}","templated":true}]}}