{"id":131,"date":"2018-10-22T12:50:27","date_gmt":"2018-10-22T10:50:27","guid":{"rendered":"https:\/\/www.malquati.com\/reinventa\/?page_id=131"},"modified":"2019-01-27T14:42:14","modified_gmt":"2019-01-27T13:42:14","slug":"investitori-operatori","status":"publish","type":"page","link":"https:\/\/www.malquati.com\/reinventa\/investitori-operatori\/","title":{"rendered":"Investitori \/ Operatori"},"content":{"rendered":"<h4 style=\"text-align: center;\"><strong>Per gli operatori<\/strong>\u00a0del settore immobiliare, investitori, o imprenditori che hanno un esigenza immobiliare specifica abbiamo pensato ad una serie di\u00a0<strong>azioni da attuare per raggiungere il loro scopo<\/strong>.<\/h4>\n<h4 style=\"text-align: center;\">Aiutare gli imprenditori a realizzare un loro progetto \u00e8 il modo migliore per contribuire allo sviluppo della societ\u00e0, ed alla rigenerazione di pezzi di territorio al fine di restituirli alla collettivit\u00e0 riqualificati.<\/h4>\n<p>&nbsp;<\/p>\n<p>&nbsp;<\/p>\n","protected":false},"excerpt":{"rendered":"<p>Per gli operatori\u00a0del settore immobiliare, investitori, o imprenditori che hanno un esigenza immobiliare specifica abbiamo pensato ad una serie di\u00a0azioni da attuare per raggiungere il loro scopo. Aiutare gli imprenditori a realizzare un loro progetto \u00e8 il modo migliore per contribuire allo sviluppo della societ\u00e0, ed alla rigenerazione di pezzi di territorio al fine di [&hellip;]<\/p>\n","protected":false},"author":1,"featured_media":640,"parent":0,"menu_order":0,"comment_status":"closed","ping_status":"closed","template":"template-viewchildren.php","meta":[],"yoast_head":"<!-- This site is optimized with the Yoast SEO plugin v20.11 - https:\/\/yoast.com\/wordpress\/plugins\/seo\/ -->\n<title>Investitori \/ Operatori - Reinventa<\/title>\n<meta name=\"robots\" content=\"index, follow, max-snippet:-1, max-image-preview:large, max-video-preview:-1\" \/>\n<link rel=\"canonical\" href=\"https:\/\/www.malquati.com\/reinventa\/investitori-operatori\/\" \/>\n<meta property=\"og:locale\" content=\"it_IT\" \/>\n<meta property=\"og:type\" content=\"article\" \/>\n<meta property=\"og:title\" content=\"Investitori \/ Operatori - Reinventa\" \/>\n<meta property=\"og:description\" content=\"Per gli operatori\u00a0del settore immobiliare, investitori, o imprenditori che hanno un esigenza immobiliare specifica abbiamo pensato ad una serie di\u00a0azioni da attuare per raggiungere il loro scopo. Aiutare gli imprenditori a realizzare un loro progetto \u00e8 il modo migliore per contribuire allo sviluppo della societ\u00e0, ed alla rigenerazione di pezzi di territorio al fine di [&hellip;]\" \/>\n<meta property=\"og:url\" content=\"https:\/\/www.malquati.com\/reinventa\/investitori-operatori\/\" \/>\n<meta property=\"og:site_name\" content=\"Reinventa\" \/>\n<meta property=\"article:modified_time\" content=\"2019-01-27T13:42:14+00:00\" \/>\n<meta property=\"og:image\" content=\"https:\/\/i1.wp.com\/www.reinventa.info\/wp-content\/uploads\/2019\/01\/Header_Generale_Reinventa.jpg?fit=2387%2C796&ssl=1\" \/>\n\t<meta property=\"og:image:width\" content=\"2387\" \/>\n\t<meta property=\"og:image:height\" content=\"796\" \/>\n\t<meta property=\"og:image:type\" content=\"image\/jpeg\" \/>\n<meta name=\"twitter:card\" content=\"summary_large_image\" \/>\n<script type=\"application\/ld+json\" class=\"yoast-schema-graph\">{\"@context\":\"https:\/\/schema.org\",\"@graph\":[{\"@type\":\"WebPage\",\"@id\":\"https:\/\/www.malquati.com\/reinventa\/investitori-operatori\/\",\"url\":\"https:\/\/www.malquati.com\/reinventa\/investitori-operatori\/\",\"name\":\"Investitori \/ Operatori - Reinventa\",\"isPartOf\":{\"@id\":\"https:\/\/www.malquati.com\/reinventa\/#website\"},\"datePublished\":\"2018-10-22T10:50:27+00:00\",\"dateModified\":\"2019-01-27T13:42:14+00:00\",\"breadcrumb\":{\"@id\":\"https:\/\/www.malquati.com\/reinventa\/investitori-operatori\/#breadcrumb\"},\"inLanguage\":\"it-IT\",\"potentialAction\":[{\"@type\":\"ReadAction\",\"target\":[\"https:\/\/www.malquati.com\/reinventa\/investitori-operatori\/\"]}]},{\"@type\":\"BreadcrumbList\",\"@id\":\"https:\/\/www.malquati.com\/reinventa\/investitori-operatori\/#breadcrumb\",\"itemListElement\":[{\"@type\":\"ListItem\",\"position\":1,\"name\":\"Home\",\"item\":\"https:\/\/www.malquati.com\/reinventa\/\"},{\"@type\":\"ListItem\",\"position\":2,\"name\":\"Investitori \/ Operatori\"}]},{\"@type\":\"WebSite\",\"@id\":\"https:\/\/www.malquati.com\/reinventa\/#website\",\"url\":\"https:\/\/www.malquati.com\/reinventa\/\",\"name\":\"Reinventa\",\"description\":\"Reinventare il territorio per migliorare le citt\u00e0\",\"potentialAction\":[{\"@type\":\"SearchAction\",\"target\":{\"@type\":\"EntryPoint\",\"urlTemplate\":\"https:\/\/www.malquati.com\/reinventa\/?s={search_term_string}\"},\"query-input\":\"required name=search_term_string\"}],\"inLanguage\":\"it-IT\"}]}<\/script>\n<!-- \/ Yoast SEO plugin. -->","yoast_head_json":{"title":"Investitori \/ Operatori - Reinventa","robots":{"index":"index","follow":"follow","max-snippet":"max-snippet:-1","max-image-preview":"max-image-preview:large","max-video-preview":"max-video-preview:-1"},"canonical":"https:\/\/www.malquati.com\/reinventa\/investitori-operatori\/","og_locale":"it_IT","og_type":"article","og_title":"Investitori \/ Operatori - Reinventa","og_description":"Per gli operatori\u00a0del settore immobiliare, investitori, o imprenditori che hanno un esigenza immobiliare specifica abbiamo pensato ad una serie di\u00a0azioni da attuare per raggiungere il loro scopo. Aiutare gli imprenditori a realizzare un loro progetto \u00e8 il modo migliore per contribuire allo sviluppo della societ\u00e0, ed alla rigenerazione di pezzi di territorio al fine di [&hellip;]","og_url":"https:\/\/www.malquati.com\/reinventa\/investitori-operatori\/","og_site_name":"Reinventa","article_modified_time":"2019-01-27T13:42:14+00:00","og_image":[{"width":2387,"height":796,"url":"https:\/\/i1.wp.com\/www.reinventa.info\/wp-content\/uploads\/2019\/01\/Header_Generale_Reinventa.jpg?fit=2387%2C796&ssl=1","type":"image\/jpeg"}],"twitter_card":"summary_large_image","schema":{"@context":"https:\/\/schema.org","@graph":[{"@type":"WebPage","@id":"https:\/\/www.malquati.com\/reinventa\/investitori-operatori\/","url":"https:\/\/www.malquati.com\/reinventa\/investitori-operatori\/","name":"Investitori \/ Operatori - Reinventa","isPartOf":{"@id":"https:\/\/www.malquati.com\/reinventa\/#website"},"datePublished":"2018-10-22T10:50:27+00:00","dateModified":"2019-01-27T13:42:14+00:00","breadcrumb":{"@id":"https:\/\/www.malquati.com\/reinventa\/investitori-operatori\/#breadcrumb"},"inLanguage":"it-IT","potentialAction":[{"@type":"ReadAction","target":["https:\/\/www.malquati.com\/reinventa\/investitori-operatori\/"]}]},{"@type":"BreadcrumbList","@id":"https:\/\/www.malquati.com\/reinventa\/investitori-operatori\/#breadcrumb","itemListElement":[{"@type":"ListItem","position":1,"name":"Home","item":"https:\/\/www.malquati.com\/reinventa\/"},{"@type":"ListItem","position":2,"name":"Investitori \/ Operatori"}]},{"@type":"WebSite","@id":"https:\/\/www.malquati.com\/reinventa\/#website","url":"https:\/\/www.malquati.com\/reinventa\/","name":"Reinventa","description":"Reinventare il territorio per migliorare le citt\u00e0","potentialAction":[{"@type":"SearchAction","target":{"@type":"EntryPoint","urlTemplate":"https:\/\/www.malquati.com\/reinventa\/?s={search_term_string}"},"query-input":"required name=search_term_string"}],"inLanguage":"it-IT"}]}},"_links":{"self":[{"href":"https:\/\/www.malquati.com\/reinventa\/wp-json\/wp\/v2\/pages\/131"}],"collection":[{"href":"https:\/\/www.malquati.com\/reinventa\/wp-json\/wp\/v2\/pages"}],"about":[{"href":"https:\/\/www.malquati.com\/reinventa\/wp-json\/wp\/v2\/types\/page"}],"author":[{"embeddable":true,"href":"https:\/\/www.malquati.com\/reinventa\/wp-json\/wp\/v2\/users\/1"}],"replies":[{"embeddable":true,"href":"https:\/\/www.malquati.com\/reinventa\/wp-json\/wp\/v2\/comments?post=131"}],"version-history":[{"count":9,"href":"https:\/\/www.malquati.com\/reinventa\/wp-json\/wp\/v2\/pages\/131\/revisions"}],"predecessor-version":[{"id":894,"href":"https:\/\/www.malquati.com\/reinventa\/wp-json\/wp\/v2\/pages\/131\/revisions\/894"}],"wp:featuredmedia":[{"embeddable":true,"href":"https:\/\/www.malquati.com\/reinventa\/wp-json\/wp\/v2\/media\/640"}],"wp:attachment":[{"href":"https:\/\/www.malquati.com\/reinventa\/wp-json\/wp\/v2\/media?parent=131"}],"curies":[{"name":"wp","href":"https:\/\/api.w.org\/{rel}","templated":true}]}}