{"id":125,"date":"2018-10-22T12:48:38","date_gmt":"2018-10-22T10:48:38","guid":{"rendered":"https:\/\/www.malquati.com\/reinventa\/?page_id=125"},"modified":"2022-11-22T17:25:13","modified_gmt":"2022-11-22T16:25:13","slug":"sviluppo","status":"publish","type":"page","link":"https:\/\/www.malquati.com\/reinventa\/proprietari\/sviluppo\/","title":{"rendered":"Sviluppo"},"content":{"rendered":"<h4><strong>Le competenze specifiche.<\/strong><!--more--><\/h4>\n<p>Per gestire un processo complesso come quello del supporto allo sviluppo immobiliare \u00e8 necessario miscelare competenze tecniche e commerciali.<\/p>\n<p>Per consentire, ad esempio, che un terreno di 3000 mq diventi un market di zona oppure che 1000 mq di garage diventino dei loft \u00e8 necessario rivolgersi al mercato in maniera innovativa. Di seguito sono elencate alcune delle peculiarit\u00e0 che ci consentono di gestire la complessit\u00e0.<\/p>\n<p><div class=\"container row\"><br \/>\n<div class=\"col-md-6\"><\/p>\n<h4><strong>Commerciali<\/strong><\/h4>\n<ul>\n<li>intermediazione immobiliare (con Malquati Real Estate)<\/li>\n<li>piano marketing web \/ social<\/li>\n<li>piano di marketing relazionale<\/li>\n<li>assistenza alle trattative<\/li>\n<li>competenza in trattative internazionali<\/li>\n<li>massimizzazione potenzialit\u00e0 degli asset<\/li>\n<li>partnership con agenzie internazionali<\/li>\n<\/ul>\n<p><\/div><br \/>\n<div class=\"col-md-6\"><\/p>\n<h4><strong>Tecniche<\/strong><\/h4>\n<ul>\n<li>due diligence urbanistica \/ edilizia<\/li>\n<li>accesso agli atti e rapporti con la pubblica amministrazione<\/li>\n<li>analisi SWOT<\/li>\n<li>due diligence ambientale<\/li>\n<li>valutazione degli asset<\/li>\n<\/ul>\n<p><\/div><br \/>\n<\/div><strong><br \/>\n<\/strong><\/p>\n","protected":false},"excerpt":{"rendered":"<p>Le competenze specifiche.<\/p>\n","protected":false},"author":1,"featured_media":0,"parent":121,"menu_order":0,"comment_status":"closed","ping_status":"closed","template":"","meta":[],"yoast_head":"<!-- This site is optimized with the Yoast SEO plugin v20.11 - https:\/\/yoast.com\/wordpress\/plugins\/seo\/ -->\n<title>Sviluppo - Reinventa<\/title>\n<meta name=\"robots\" content=\"index, follow, max-snippet:-1, max-image-preview:large, max-video-preview:-1\" \/>\n<link rel=\"canonical\" href=\"https:\/\/www.malquati.com\/reinventa\/proprietari\/sviluppo\/\" \/>\n<meta property=\"og:locale\" content=\"it_IT\" \/>\n<meta property=\"og:type\" content=\"article\" \/>\n<meta property=\"og:title\" content=\"Sviluppo - Reinventa\" \/>\n<meta property=\"og:description\" content=\"Le competenze specifiche.\" \/>\n<meta property=\"og:url\" content=\"https:\/\/www.malquati.com\/reinventa\/proprietari\/sviluppo\/\" \/>\n<meta property=\"og:site_name\" content=\"Reinventa\" \/>\n<meta property=\"article:modified_time\" content=\"2022-11-22T16:25:13+00:00\" \/>\n<meta name=\"twitter:card\" content=\"summary_large_image\" \/>\n<meta name=\"twitter:label1\" content=\"Tempo di lettura stimato\" \/>\n\t<meta name=\"twitter:data1\" content=\"1 minuto\" \/>\n<script type=\"application\/ld+json\" class=\"yoast-schema-graph\">{\"@context\":\"https:\/\/schema.org\",\"@graph\":[{\"@type\":\"WebPage\",\"@id\":\"https:\/\/www.malquati.com\/reinventa\/proprietari\/sviluppo\/\",\"url\":\"https:\/\/www.malquati.com\/reinventa\/proprietari\/sviluppo\/\",\"name\":\"Sviluppo - Reinventa\",\"isPartOf\":{\"@id\":\"https:\/\/www.malquati.com\/reinventa\/#website\"},\"datePublished\":\"2018-10-22T10:48:38+00:00\",\"dateModified\":\"2022-11-22T16:25:13+00:00\",\"breadcrumb\":{\"@id\":\"https:\/\/www.malquati.com\/reinventa\/proprietari\/sviluppo\/#breadcrumb\"},\"inLanguage\":\"it-IT\",\"potentialAction\":[{\"@type\":\"ReadAction\",\"target\":[\"https:\/\/www.malquati.com\/reinventa\/proprietari\/sviluppo\/\"]}]},{\"@type\":\"BreadcrumbList\",\"@id\":\"https:\/\/www.malquati.com\/reinventa\/proprietari\/sviluppo\/#breadcrumb\",\"itemListElement\":[{\"@type\":\"ListItem\",\"position\":1,\"name\":\"Home\",\"item\":\"https:\/\/www.malquati.com\/reinventa\/\"},{\"@type\":\"ListItem\",\"position\":2,\"name\":\"Proprietari\",\"item\":\"https:\/\/www.malquati.com\/reinventa\/proprietari\/\"},{\"@type\":\"ListItem\",\"position\":3,\"name\":\"Sviluppo\"}]},{\"@type\":\"WebSite\",\"@id\":\"https:\/\/www.malquati.com\/reinventa\/#website\",\"url\":\"https:\/\/www.malquati.com\/reinventa\/\",\"name\":\"Reinventa\",\"description\":\"Reinventare il territorio per migliorare le citt\u00e0\",\"potentialAction\":[{\"@type\":\"SearchAction\",\"target\":{\"@type\":\"EntryPoint\",\"urlTemplate\":\"https:\/\/www.malquati.com\/reinventa\/?s={search_term_string}\"},\"query-input\":\"required name=search_term_string\"}],\"inLanguage\":\"it-IT\"}]}<\/script>\n<!-- \/ Yoast SEO plugin. -->","yoast_head_json":{"title":"Sviluppo - Reinventa","robots":{"index":"index","follow":"follow","max-snippet":"max-snippet:-1","max-image-preview":"max-image-preview:large","max-video-preview":"max-video-preview:-1"},"canonical":"https:\/\/www.malquati.com\/reinventa\/proprietari\/sviluppo\/","og_locale":"it_IT","og_type":"article","og_title":"Sviluppo - Reinventa","og_description":"Le competenze specifiche.","og_url":"https:\/\/www.malquati.com\/reinventa\/proprietari\/sviluppo\/","og_site_name":"Reinventa","article_modified_time":"2022-11-22T16:25:13+00:00","twitter_card":"summary_large_image","twitter_misc":{"Tempo di lettura stimato":"1 minuto"},"schema":{"@context":"https:\/\/schema.org","@graph":[{"@type":"WebPage","@id":"https:\/\/www.malquati.com\/reinventa\/proprietari\/sviluppo\/","url":"https:\/\/www.malquati.com\/reinventa\/proprietari\/sviluppo\/","name":"Sviluppo - Reinventa","isPartOf":{"@id":"https:\/\/www.malquati.com\/reinventa\/#website"},"datePublished":"2018-10-22T10:48:38+00:00","dateModified":"2022-11-22T16:25:13+00:00","breadcrumb":{"@id":"https:\/\/www.malquati.com\/reinventa\/proprietari\/sviluppo\/#breadcrumb"},"inLanguage":"it-IT","potentialAction":[{"@type":"ReadAction","target":["https:\/\/www.malquati.com\/reinventa\/proprietari\/sviluppo\/"]}]},{"@type":"BreadcrumbList","@id":"https:\/\/www.malquati.com\/reinventa\/proprietari\/sviluppo\/#breadcrumb","itemListElement":[{"@type":"ListItem","position":1,"name":"Home","item":"https:\/\/www.malquati.com\/reinventa\/"},{"@type":"ListItem","position":2,"name":"Proprietari","item":"https:\/\/www.malquati.com\/reinventa\/proprietari\/"},{"@type":"ListItem","position":3,"name":"Sviluppo"}]},{"@type":"WebSite","@id":"https:\/\/www.malquati.com\/reinventa\/#website","url":"https:\/\/www.malquati.com\/reinventa\/","name":"Reinventa","description":"Reinventare il territorio per migliorare le citt\u00e0","potentialAction":[{"@type":"SearchAction","target":{"@type":"EntryPoint","urlTemplate":"https:\/\/www.malquati.com\/reinventa\/?s={search_term_string}"},"query-input":"required name=search_term_string"}],"inLanguage":"it-IT"}]}},"_links":{"self":[{"href":"https:\/\/www.malquati.com\/reinventa\/wp-json\/wp\/v2\/pages\/125"}],"collection":[{"href":"https:\/\/www.malquati.com\/reinventa\/wp-json\/wp\/v2\/pages"}],"about":[{"href":"https:\/\/www.malquati.com\/reinventa\/wp-json\/wp\/v2\/types\/page"}],"author":[{"embeddable":true,"href":"https:\/\/www.malquati.com\/reinventa\/wp-json\/wp\/v2\/users\/1"}],"replies":[{"embeddable":true,"href":"https:\/\/www.malquati.com\/reinventa\/wp-json\/wp\/v2\/comments?post=125"}],"version-history":[{"count":14,"href":"https:\/\/www.malquati.com\/reinventa\/wp-json\/wp\/v2\/pages\/125\/revisions"}],"predecessor-version":[{"id":915,"href":"https:\/\/www.malquati.com\/reinventa\/wp-json\/wp\/v2\/pages\/125\/revisions\/915"}],"up":[{"embeddable":true,"href":"https:\/\/www.malquati.com\/reinventa\/wp-json\/wp\/v2\/pages\/121"}],"wp:attachment":[{"href":"https:\/\/www.malquati.com\/reinventa\/wp-json\/wp\/v2\/media?parent=125"}],"curies":[{"name":"wp","href":"https:\/\/api.w.org\/{rel}","templated":true}]}}