{"id":114,"date":"2018-10-22T12:44:22","date_gmt":"2018-10-22T10:44:22","guid":{"rendered":"https:\/\/www.malquati.com\/reinventa\/?page_id=114"},"modified":"2019-01-02T20:56:14","modified_gmt":"2019-01-02T19:56:14","slug":"chi-siamo","status":"publish","type":"page","link":"https:\/\/www.malquati.com\/reinventa\/chi-siamo\/","title":{"rendered":"Chi Siamo"},"content":{"rendered":"<h4 style=\"text-align: center;\"><strong>Attraverso la consulenza alla compravendita di terreni e immobili da riqualificare, contribuiamo a rigenerare pezzi di citt\u00e0 al fine di restituire alla collettivit\u00e0 pezzi di territorio riqualificati.<\/strong><\/h4>\n<p>&nbsp;<\/p>\n<hr \/>\n<p>&nbsp;<\/p>\n<p>Un approccio etico ed estetico \u00e8\u00a0alla base della Mission di\u00a0<strong>REinventa <\/strong>che in sinergia con <strong>Malquati Real Estate<\/strong>\u00a0si occupa fornire servizi di supporto allo sviluppo immobiliare.<\/p>\n<p>Le nostre diverse modalit\u00e0 operativa sono dedicate a<\/p>\n<p>&#8211; proprietari di terreni e compendi immobiliari, che attraverso i nostri servizi possono valorizzare i loro asset.<\/p>\n<p>&#8211; sviluppatori, investitori ed altri operatori del mercato dello sviluppo immobiliare, che attraverso i nostri servizi raggiungono i loro obiettivi.<\/p>\n<p>&#8211; organizzazione della domanda: significa intercettare ed organizzare attorno ad un tema specifico, che in genere risponde alle esigenze di pi\u00f9 persone, una community di potenziali abitanti che possono dar vita al riuso di un immobile dismesso.<\/p>\n","protected":false},"excerpt":{"rendered":"<p>Attraverso la consulenza alla compravendita di terreni e immobili da riqualificare, contribuiamo a rigenerare pezzi di citt\u00e0 al fine di restituire alla collettivit\u00e0 pezzi di territorio riqualificati. &nbsp; &nbsp; Un approccio etico ed estetico \u00e8\u00a0alla base della Mission di\u00a0REinventa che in sinergia con Malquati Real Estate\u00a0si occupa fornire servizi di supporto allo sviluppo immobiliare. Le [&hellip;]<\/p>\n","protected":false},"author":1,"featured_media":0,"parent":0,"menu_order":0,"comment_status":"closed","ping_status":"closed","template":"","meta":[],"yoast_head":"<!-- This site is optimized with the Yoast SEO plugin v20.11 - https:\/\/yoast.com\/wordpress\/plugins\/seo\/ -->\n<title>Chi Siamo - Reinventa<\/title>\n<meta name=\"robots\" content=\"index, follow, max-snippet:-1, max-image-preview:large, max-video-preview:-1\" \/>\n<link rel=\"canonical\" href=\"https:\/\/www.malquati.com\/reinventa\/chi-siamo\/\" \/>\n<meta property=\"og:locale\" content=\"it_IT\" \/>\n<meta property=\"og:type\" content=\"article\" \/>\n<meta property=\"og:title\" content=\"Chi Siamo - Reinventa\" \/>\n<meta property=\"og:description\" content=\"Attraverso la consulenza alla compravendita di terreni e immobili da riqualificare, contribuiamo a rigenerare pezzi di citt\u00e0 al fine di restituire alla collettivit\u00e0 pezzi di territorio riqualificati. &nbsp; &nbsp; Un approccio etico ed estetico \u00e8\u00a0alla base della Mission di\u00a0REinventa che in sinergia con Malquati Real Estate\u00a0si occupa fornire servizi di supporto allo sviluppo immobiliare. Le [&hellip;]\" \/>\n<meta property=\"og:url\" content=\"https:\/\/www.malquati.com\/reinventa\/chi-siamo\/\" \/>\n<meta property=\"og:site_name\" content=\"Reinventa\" \/>\n<meta property=\"article:modified_time\" content=\"2019-01-02T19:56:14+00:00\" \/>\n<meta name=\"twitter:card\" content=\"summary_large_image\" \/>\n<meta name=\"twitter:label1\" content=\"Tempo di lettura stimato\" \/>\n\t<meta name=\"twitter:data1\" content=\"1 minuto\" \/>\n<script type=\"application\/ld+json\" class=\"yoast-schema-graph\">{\"@context\":\"https:\/\/schema.org\",\"@graph\":[{\"@type\":\"WebPage\",\"@id\":\"https:\/\/www.malquati.com\/reinventa\/chi-siamo\/\",\"url\":\"https:\/\/www.malquati.com\/reinventa\/chi-siamo\/\",\"name\":\"Chi Siamo - Reinventa\",\"isPartOf\":{\"@id\":\"https:\/\/www.malquati.com\/reinventa\/#website\"},\"datePublished\":\"2018-10-22T10:44:22+00:00\",\"dateModified\":\"2019-01-02T19:56:14+00:00\",\"breadcrumb\":{\"@id\":\"https:\/\/www.malquati.com\/reinventa\/chi-siamo\/#breadcrumb\"},\"inLanguage\":\"it-IT\",\"potentialAction\":[{\"@type\":\"ReadAction\",\"target\":[\"https:\/\/www.malquati.com\/reinventa\/chi-siamo\/\"]}]},{\"@type\":\"BreadcrumbList\",\"@id\":\"https:\/\/www.malquati.com\/reinventa\/chi-siamo\/#breadcrumb\",\"itemListElement\":[{\"@type\":\"ListItem\",\"position\":1,\"name\":\"Home\",\"item\":\"https:\/\/www.malquati.com\/reinventa\/\"},{\"@type\":\"ListItem\",\"position\":2,\"name\":\"Chi Siamo\"}]},{\"@type\":\"WebSite\",\"@id\":\"https:\/\/www.malquati.com\/reinventa\/#website\",\"url\":\"https:\/\/www.malquati.com\/reinventa\/\",\"name\":\"Reinventa\",\"description\":\"Reinventare il territorio per migliorare le citt\u00e0\",\"potentialAction\":[{\"@type\":\"SearchAction\",\"target\":{\"@type\":\"EntryPoint\",\"urlTemplate\":\"https:\/\/www.malquati.com\/reinventa\/?s={search_term_string}\"},\"query-input\":\"required name=search_term_string\"}],\"inLanguage\":\"it-IT\"}]}<\/script>\n<!-- \/ Yoast SEO plugin. -->","yoast_head_json":{"title":"Chi Siamo - Reinventa","robots":{"index":"index","follow":"follow","max-snippet":"max-snippet:-1","max-image-preview":"max-image-preview:large","max-video-preview":"max-video-preview:-1"},"canonical":"https:\/\/www.malquati.com\/reinventa\/chi-siamo\/","og_locale":"it_IT","og_type":"article","og_title":"Chi Siamo - Reinventa","og_description":"Attraverso la consulenza alla compravendita di terreni e immobili da riqualificare, contribuiamo a rigenerare pezzi di citt\u00e0 al fine di restituire alla collettivit\u00e0 pezzi di territorio riqualificati. &nbsp; &nbsp; Un approccio etico ed estetico \u00e8\u00a0alla base della Mission di\u00a0REinventa che in sinergia con Malquati Real Estate\u00a0si occupa fornire servizi di supporto allo sviluppo immobiliare. Le [&hellip;]","og_url":"https:\/\/www.malquati.com\/reinventa\/chi-siamo\/","og_site_name":"Reinventa","article_modified_time":"2019-01-02T19:56:14+00:00","twitter_card":"summary_large_image","twitter_misc":{"Tempo di lettura stimato":"1 minuto"},"schema":{"@context":"https:\/\/schema.org","@graph":[{"@type":"WebPage","@id":"https:\/\/www.malquati.com\/reinventa\/chi-siamo\/","url":"https:\/\/www.malquati.com\/reinventa\/chi-siamo\/","name":"Chi Siamo - Reinventa","isPartOf":{"@id":"https:\/\/www.malquati.com\/reinventa\/#website"},"datePublished":"2018-10-22T10:44:22+00:00","dateModified":"2019-01-02T19:56:14+00:00","breadcrumb":{"@id":"https:\/\/www.malquati.com\/reinventa\/chi-siamo\/#breadcrumb"},"inLanguage":"it-IT","potentialAction":[{"@type":"ReadAction","target":["https:\/\/www.malquati.com\/reinventa\/chi-siamo\/"]}]},{"@type":"BreadcrumbList","@id":"https:\/\/www.malquati.com\/reinventa\/chi-siamo\/#breadcrumb","itemListElement":[{"@type":"ListItem","position":1,"name":"Home","item":"https:\/\/www.malquati.com\/reinventa\/"},{"@type":"ListItem","position":2,"name":"Chi Siamo"}]},{"@type":"WebSite","@id":"https:\/\/www.malquati.com\/reinventa\/#website","url":"https:\/\/www.malquati.com\/reinventa\/","name":"Reinventa","description":"Reinventare il territorio per migliorare le citt\u00e0","potentialAction":[{"@type":"SearchAction","target":{"@type":"EntryPoint","urlTemplate":"https:\/\/www.malquati.com\/reinventa\/?s={search_term_string}"},"query-input":"required name=search_term_string"}],"inLanguage":"it-IT"}]}},"_links":{"self":[{"href":"https:\/\/www.malquati.com\/reinventa\/wp-json\/wp\/v2\/pages\/114"}],"collection":[{"href":"https:\/\/www.malquati.com\/reinventa\/wp-json\/wp\/v2\/pages"}],"about":[{"href":"https:\/\/www.malquati.com\/reinventa\/wp-json\/wp\/v2\/types\/page"}],"author":[{"embeddable":true,"href":"https:\/\/www.malquati.com\/reinventa\/wp-json\/wp\/v2\/users\/1"}],"replies":[{"embeddable":true,"href":"https:\/\/www.malquati.com\/reinventa\/wp-json\/wp\/v2\/comments?post=114"}],"version-history":[{"count":9,"href":"https:\/\/www.malquati.com\/reinventa\/wp-json\/wp\/v2\/pages\/114\/revisions"}],"predecessor-version":[{"id":509,"href":"https:\/\/www.malquati.com\/reinventa\/wp-json\/wp\/v2\/pages\/114\/revisions\/509"}],"wp:attachment":[{"href":"https:\/\/www.malquati.com\/reinventa\/wp-json\/wp\/v2\/media?parent=114"}],"curies":[{"name":"wp","href":"https:\/\/api.w.org\/{rel}","templated":true}]}}